{"id":32,"date":"2020-04-13T11:18:50","date_gmt":"2020-04-13T11:18:50","guid":{"rendered":"https:\/\/wandorab.com\/?page_id=32"},"modified":"2025-06-23T18:19:55","modified_gmt":"2025-06-23T18:19:55","slug":"services","status":"publish","type":"page","link":"https:\/\/wandorab.com\/?page_id=32","title":{"rendered":"Tj\u00e4nster"},"content":{"rendered":"\t\t<div data-elementor-type=\"wp-page\" data-elementor-id=\"32\" class=\"elementor elementor-32\">\n\t\t\t\t\t\t<section class=\"elementor-section elementor-top-section elementor-element elementor-element-4d2c9e9 elementor-reverse-mobile elementor-section-boxed elementor-section-height-default elementor-section-height-default\" data-id=\"4d2c9e9\" data-element_type=\"section\" data-e-type=\"section\">\n\t\t\t\t\t\t<div class=\"elementor-container elementor-column-gap-no\">\n\t\t\t\t\t<div class=\"elementor-column elementor-col-50 elementor-top-column elementor-element elementor-element-1148300\" data-id=\"1148300\" data-element_type=\"column\" data-e-type=\"column\">\n\t\t\t<div class=\"elementor-widget-wrap elementor-element-populated\">\n\t\t\t\t\t\t<div class=\"elementor-element elementor-element-425ada1 elementor-widget elementor-widget-heading\" data-id=\"425ada1\" data-element_type=\"widget\" data-e-type=\"widget\" data-widget_type=\"heading.default\">\n\t\t\t\t<div class=\"elementor-widget-container\">\n\t\t\t\t\t<h4 class=\"elementor-heading-title elementor-size-default\"><a href=\"https:\/\/klnorganic.com\/product\">   Ekologisk kosmetika<\/a><\/h4>\t\t\t\t<\/div>\n\t\t\t\t<\/div>\n\t\t\t\t<div class=\"elementor-element elementor-element-f142ca0 elementor-widget__width-initial elementor-widget elementor-widget-image-box\" data-id=\"f142ca0\" data-element_type=\"widget\" data-e-type=\"widget\" data-widget_type=\"image-box.default\">\n\t\t\t\t<div class=\"elementor-widget-container\">\n\t\t\t\t\t<div class=\"elementor-image-box-wrapper\"><div class=\"elementor-image-box-content\"><p class=\"elementor-image-box-description\">Ekologisk hud-och h\u00e5rv\u00e5rd:\nNaturliga product utvecklade i Sverige med fokus renhet, skonsamhet och effektivitet - fria fr\u00e5n skadliga kemikalier, perfekta \u00e4ven f\u00f6r k\u00e4nslig hud.\n<div><span style=\"font-family: inherit;font-size: inherit;font-style: inherit;font-weight: inherit\"><\/span><\/div><\/p><\/div><\/div>\t\t\t\t<\/div>\n\t\t\t\t<\/div>\n\t\t\t\t<div class=\"elementor-element elementor-element-cb56c31 elementor-align-center elementor-widget elementor-widget-button\" data-id=\"cb56c31\" data-element_type=\"widget\" data-e-type=\"widget\" data-widget_type=\"button.default\">\n\t\t\t\t<div class=\"elementor-widget-container\">\n\t\t\t\t\t\t\t\t\t<div class=\"elementor-button-wrapper\">\n\t\t\t\t\t<a class=\"elementor-button elementor-button-link elementor-size-md\" href=\"https:\/\/wandorab.com\/?page_id=33\">\n\t\t\t\t\t\t<span class=\"elementor-button-content-wrapper\">\n\t\t\t\t\t\t\t\t\t<span class=\"elementor-button-text\">Contact<\/span>\n\t\t\t\t\t<\/span>\n\t\t\t\t\t<\/a>\n\t\t\t\t<\/div>\n\t\t\t\t\t\t\t\t<\/div>\n\t\t\t\t<\/div>\n\t\t\t\t\t<\/div>\n\t\t<\/div>\n\t\t\t\t<div class=\"elementor-column elementor-col-50 elementor-top-column elementor-element elementor-element-7285665\" data-id=\"7285665\" data-element_type=\"column\" data-e-type=\"column\">\n\t\t\t<div class=\"elementor-widget-wrap elementor-element-populated\">\n\t\t\t\t\t\t<div class=\"elementor-element elementor-element-508aa5f0 elementor-widget elementor-widget-image\" data-id=\"508aa5f0\" data-element_type=\"widget\" data-e-type=\"widget\" data-widget_type=\"image.default\">\n\t\t\t\t<div class=\"elementor-widget-container\">\n\t\t\t\t\t\t\t\t\t\t\t\t\t\t\t<img fetchpriority=\"high\" decoding=\"async\" width=\"1024\" height=\"1024\" src=\"https:\/\/wandorab.com\/wp-content\/uploads\/2025\/06\/ChatGPT-Image-14-\u064a\u0648\u0646\u064a\u0648-2025\u060c-04_40_23-\u0645.png\" class=\"attachment-large size-large wp-image-1281\" alt=\"\" srcset=\"https:\/\/wandorab.com\/wp-content\/uploads\/2025\/06\/ChatGPT-Image-14-\u064a\u0648\u0646\u064a\u0648-2025\u060c-04_40_23-\u0645.png 1024w, https:\/\/wandorab.com\/wp-content\/uploads\/2025\/06\/ChatGPT-Image-14-\u064a\u0648\u0646\u064a\u0648-2025\u060c-04_40_23-\u0645-300x300.png 300w, https:\/\/wandorab.com\/wp-content\/uploads\/2025\/06\/ChatGPT-Image-14-\u064a\u0648\u0646\u064a\u0648-2025\u060c-04_40_23-\u0645-150x150.png 150w, https:\/\/wandorab.com\/wp-content\/uploads\/2025\/06\/ChatGPT-Image-14-\u064a\u0648\u0646\u064a\u0648-2025\u060c-04_40_23-\u0645-768x768.png 768w\" sizes=\"(max-width: 1024px) 100vw, 1024px\" \/>\t\t\t\t\t\t\t\t\t\t\t\t\t\t\t<\/div>\n\t\t\t\t<\/div>\n\t\t\t\t\t<\/div>\n\t\t<\/div>\n\t\t\t\t\t<\/div>\n\t\t<\/section>\n\t\t\t\t<section class=\"elementor-section elementor-top-section elementor-element elementor-element-9c6b8cc elementor-section-boxed elementor-section-height-default elementor-section-height-default\" data-id=\"9c6b8cc\" data-element_type=\"section\" data-e-type=\"section\">\n\t\t\t\t\t\t<div class=\"elementor-container elementor-column-gap-default\">\n\t\t\t\t\t<div class=\"elementor-column elementor-col-100 elementor-top-column elementor-element elementor-element-472295d\" data-id=\"472295d\" data-element_type=\"column\" data-e-type=\"column\">\n\t\t\t<div class=\"elementor-widget-wrap elementor-element-populated\">\n\t\t\t\t\t\t<div class=\"elementor-element elementor-element-8d7afb5 elementor-widget-divider--view-line elementor-widget elementor-widget-divider\" data-id=\"8d7afb5\" data-element_type=\"widget\" data-e-type=\"widget\" data-widget_type=\"divider.default\">\n\t\t\t\t<div class=\"elementor-widget-container\">\n\t\t\t\t\t\t\t<div class=\"elementor-divider\">\n\t\t\t<span class=\"elementor-divider-separator\">\n\t\t\t\t\t\t<\/span>\n\t\t<\/div>\n\t\t\t\t\t\t<\/div>\n\t\t\t\t<\/div>\n\t\t\t\t\t<\/div>\n\t\t<\/div>\n\t\t\t\t\t<\/div>\n\t\t<\/section>\n\t\t\t\t<section class=\"elementor-section elementor-top-section elementor-element elementor-element-6027d0f elementor-reverse-mobile elementor-section-boxed elementor-section-height-default elementor-section-height-default\" data-id=\"6027d0f\" data-element_type=\"section\" data-e-type=\"section\">\n\t\t\t\t\t\t<div class=\"elementor-container elementor-column-gap-no\">\n\t\t\t\t\t<div class=\"elementor-column elementor-col-50 elementor-top-column elementor-element elementor-element-355c572\" data-id=\"355c572\" data-element_type=\"column\" data-e-type=\"column\">\n\t\t\t<div class=\"elementor-widget-wrap elementor-element-populated\">\n\t\t\t\t\t\t<div class=\"elementor-element elementor-element-c96689f elementor-widget elementor-widget-heading\" data-id=\"c96689f\" data-element_type=\"widget\" data-e-type=\"widget\" data-widget_type=\"heading.default\">\n\t\t\t\t<div class=\"elementor-widget-container\">\n\t\t\t\t\t<h4 class=\"elementor-heading-title elementor-size-default\"><a href=\"https:\/\/bianco1932.se\/\"><span class=\"OYPEnA font-feature-liga-off font-feature-clig-off font-feature-calt-off text-decoration-none text-strikethrough-none\">Lyxigt italienskt kaffe<\/span><\/a><\/h4>\t\t\t\t<\/div>\n\t\t\t\t<\/div>\n\t\t\t\t<div class=\"elementor-element elementor-element-feeaa45 elementor-widget elementor-widget-image-box\" data-id=\"feeaa45\" data-element_type=\"widget\" data-e-type=\"widget\" data-widget_type=\"image-box.default\">\n\t\t\t\t<div class=\"elementor-widget-container\">\n\t\t\t\t\t<div class=\"elementor-image-box-wrapper\"><div class=\"elementor-image-box-content\"><p class=\"elementor-image-box-description\">\nOne of the many areas that has a great prestige in the company is a production line under the Italian brand Dorato Caf\u00e9 provided by the best Italian companies working in the field of coffee roasting since its establishment in 1932.<\/p><\/div><\/div>\t\t\t\t<\/div>\n\t\t\t\t<\/div>\n\t\t\t\t<div class=\"elementor-element elementor-element-882c271 elementor-align-center elementor-widget elementor-widget-button\" data-id=\"882c271\" data-element_type=\"widget\" data-e-type=\"widget\" data-widget_type=\"button.default\">\n\t\t\t\t<div class=\"elementor-widget-container\">\n\t\t\t\t\t\t\t\t\t<div class=\"elementor-button-wrapper\">\n\t\t\t\t\t<a class=\"elementor-button elementor-button-link elementor-size-md\" href=\"https:\/\/wandorab.com\/?page_id=33\">\n\t\t\t\t\t\t<span class=\"elementor-button-content-wrapper\">\n\t\t\t\t\t\t\t\t\t<span class=\"elementor-button-text\">Contact<\/span>\n\t\t\t\t\t<\/span>\n\t\t\t\t\t<\/a>\n\t\t\t\t<\/div>\n\t\t\t\t\t\t\t\t<\/div>\n\t\t\t\t<\/div>\n\t\t\t\t\t<\/div>\n\t\t<\/div>\n\t\t\t\t<div class=\"elementor-column elementor-col-50 elementor-top-column elementor-element elementor-element-623a32c\" data-id=\"623a32c\" data-element_type=\"column\" data-e-type=\"column\">\n\t\t\t<div class=\"elementor-widget-wrap elementor-element-populated\">\n\t\t\t\t\t\t<div class=\"elementor-element elementor-element-628e670 elementor-widget elementor-widget-image\" data-id=\"628e670\" data-element_type=\"widget\" data-e-type=\"widget\" data-widget_type=\"image.default\">\n\t\t\t\t<div class=\"elementor-widget-container\">\n\t\t\t\t\t\t\t\t\t\t\t\t\t\t\t<img decoding=\"async\" width=\"768\" height=\"768\" src=\"https:\/\/wandorab.com\/wp-content\/uploads\/2024\/05\/wandor-ab-3-768x768.jpeg\" class=\"attachment-medium_large size-medium_large wp-image-1213\" alt=\"wandor ab\" srcset=\"https:\/\/wandorab.com\/wp-content\/uploads\/2024\/05\/wandor-ab-3-768x768.jpeg 768w, https:\/\/wandorab.com\/wp-content\/uploads\/2024\/05\/wandor-ab-3-300x300.jpeg 300w, https:\/\/wandorab.com\/wp-content\/uploads\/2024\/05\/wandor-ab-3-150x150.jpeg 150w, https:\/\/wandorab.com\/wp-content\/uploads\/2024\/05\/wandor-ab-3.jpeg 1024w\" sizes=\"(max-width: 768px) 100vw, 768px\" \/>\t\t\t\t\t\t\t\t\t\t\t\t\t\t\t<\/div>\n\t\t\t\t<\/div>\n\t\t\t\t\t<\/div>\n\t\t<\/div>\n\t\t\t\t\t<\/div>\n\t\t<\/section>\n\t\t\t\t<section class=\"elementor-section elementor-top-section elementor-element elementor-element-2b9c714 elementor-section-boxed elementor-section-height-default elementor-section-height-default\" data-id=\"2b9c714\" data-element_type=\"section\" data-e-type=\"section\">\n\t\t\t\t\t\t<div class=\"elementor-container elementor-column-gap-default\">\n\t\t\t\t\t<div class=\"elementor-column elementor-col-100 elementor-top-column elementor-element elementor-element-dfdc296\" data-id=\"dfdc296\" data-element_type=\"column\" data-e-type=\"column\">\n\t\t\t<div class=\"elementor-widget-wrap elementor-element-populated\">\n\t\t\t\t\t\t<div class=\"elementor-element elementor-element-ad1b6c0 elementor-widget-divider--view-line elementor-widget elementor-widget-divider\" data-id=\"ad1b6c0\" data-element_type=\"widget\" data-e-type=\"widget\" data-widget_type=\"divider.default\">\n\t\t\t\t<div class=\"elementor-widget-container\">\n\t\t\t\t\t\t\t<div class=\"elementor-divider\">\n\t\t\t<span class=\"elementor-divider-separator\">\n\t\t\t\t\t\t<\/span>\n\t\t<\/div>\n\t\t\t\t\t\t<\/div>\n\t\t\t\t<\/div>\n\t\t\t\t\t<\/div>\n\t\t<\/div>\n\t\t\t\t\t<\/div>\n\t\t<\/section>\n\t\t\t\t<section class=\"elementor-section elementor-top-section elementor-element elementor-element-4cf2f6f elementor-section-boxed elementor-section-height-default elementor-section-height-default\" data-id=\"4cf2f6f\" data-element_type=\"section\" data-e-type=\"section\">\n\t\t\t\t\t\t<div class=\"elementor-container elementor-column-gap-default\">\n\t\t\t\t\t<div class=\"elementor-column elementor-col-50 elementor-top-column elementor-element elementor-element-32c190b\" data-id=\"32c190b\" data-element_type=\"column\" data-e-type=\"column\">\n\t\t\t<div class=\"elementor-widget-wrap elementor-element-populated\">\n\t\t\t\t\t\t<div class=\"elementor-element elementor-element-4c31531 elementor-widget elementor-widget-image\" data-id=\"4c31531\" data-element_type=\"widget\" data-e-type=\"widget\" data-widget_type=\"image.default\">\n\t\t\t\t<div class=\"elementor-widget-container\">\n\t\t\t\t\t\t\t\t\t\t\t\t\t\t\t<img decoding=\"async\" width=\"1024\" height=\"819\" src=\"https:\/\/wandorab.com\/wp-content\/uploads\/2025\/06\/470168058_1106997524465457_63268963015491127_n-1024x819.jpg\" class=\"attachment-large size-large wp-image-1287\" alt=\"\" srcset=\"https:\/\/wandorab.com\/wp-content\/uploads\/2025\/06\/470168058_1106997524465457_63268963015491127_n-1024x819.jpg 1024w, https:\/\/wandorab.com\/wp-content\/uploads\/2025\/06\/470168058_1106997524465457_63268963015491127_n-300x240.jpg 300w, https:\/\/wandorab.com\/wp-content\/uploads\/2025\/06\/470168058_1106997524465457_63268963015491127_n-768x614.jpg 768w, https:\/\/wandorab.com\/wp-content\/uploads\/2025\/06\/470168058_1106997524465457_63268963015491127_n-1536x1228.jpg 1536w, https:\/\/wandorab.com\/wp-content\/uploads\/2025\/06\/470168058_1106997524465457_63268963015491127_n.jpg 1772w\" sizes=\"(max-width: 1024px) 100vw, 1024px\" \/>\t\t\t\t\t\t\t\t\t\t\t\t\t\t\t<\/div>\n\t\t\t\t<\/div>\n\t\t\t\t\t<\/div>\n\t\t<\/div>\n\t\t\t\t<div class=\"elementor-column elementor-col-50 elementor-top-column elementor-element elementor-element-cdc05b9\" data-id=\"cdc05b9\" data-element_type=\"column\" data-e-type=\"column\">\n\t\t\t<div class=\"elementor-widget-wrap elementor-element-populated\">\n\t\t\t\t\t\t<div class=\"elementor-element elementor-element-5478c97 elementor-widget__width-initial elementor-widget elementor-widget-image-box\" data-id=\"5478c97\" data-element_type=\"widget\" data-e-type=\"widget\" data-widget_type=\"image-box.default\">\n\t\t\t\t<div class=\"elementor-widget-container\">\n\t\t\t\t\t<div class=\"elementor-image-box-wrapper\"><div class=\"elementor-image-box-content\"><p class=\"elementor-image-box-description\"><br><br><br><br><br><h4 class=\"elementor-heading-title elementor-size-default elementor-inline-editing pen\" data-elementor-setting-key=\"title\" data-pen-placeholder=\"Type Here...\" style=\"font-style: normal;font-weight: 700;font-size: 25px;letter-spacing: normal;text-transform: none;text-decoration: none;margin-block-end: 17.5px;--theme-font-style: normal;--theme-font-size: 25px;--theme-line-height: 1.5\">Ett underbart kaffe fr\u00e5n Bianco<\/h4>Premium italienskt kaffe \u2013 Bianco\nDirekt fr\u00e5n familjen Bianco \u2013 ett italienskt arv sedan 1932, d\u00e4r passionen f\u00f6r espressokonst lever kvar i varje rostning. Vi erbjuder m\u00f6rkrostat kaffe med rik arom, djup smak och autentisk karakt\u00e4r som tilltalar riktiga kaffe\u00e4lskare.\n\n\nF\u00f6r dig som driver caf\u00e9, restaurang eller hotellkedja erbjuder vi ett komplett premiumkoncept. V\u00e5rt sortiment inkluderar b\u00e5de klassiska espresso-blandningar, specialkaffe, filterkaffe och exklusivt guldkaffe. Du f\u00e5r \u00e4ven tillg\u00e5ng till helhetsl\u00f6sningar som espressokoppar, tillbeh\u00f6r, serveringsmaterial och varum\u00e4rkesst\u00f6d \u2013 allt f\u00f6r att h\u00f6ja kundupplevelsen och skapa en stark kaffemeny.\n\nMed Bianco f\u00e5r du inte bara kaffe \u2013 du f\u00e5r ett varum\u00e4rke med sj\u00e4l, historia och kvalitet som g\u00f6r skillnad i varje kopp.\n\n<\/p><\/div><\/div>\t\t\t\t<\/div>\n\t\t\t\t<\/div>\n\t\t\t\t<div class=\"elementor-element elementor-element-243c237 elementor-align-center elementor-widget elementor-widget-button\" data-id=\"243c237\" data-element_type=\"widget\" data-e-type=\"widget\" data-widget_type=\"button.default\">\n\t\t\t\t<div class=\"elementor-widget-container\">\n\t\t\t\t\t\t\t\t\t<div class=\"elementor-button-wrapper\">\n\t\t\t\t\t<a class=\"elementor-button elementor-button-link elementor-size-md\" href=\"https:\/\/wandorab.com\/?page_id=33\">\n\t\t\t\t\t\t<span class=\"elementor-button-content-wrapper\">\n\t\t\t\t\t\t\t\t\t<span class=\"elementor-button-text\">Contact<\/span>\n\t\t\t\t\t<\/span>\n\t\t\t\t\t<\/a>\n\t\t\t\t<\/div>\n\t\t\t\t\t\t\t\t<\/div>\n\t\t\t\t<\/div>\n\t\t\t\t\t<\/div>\n\t\t<\/div>\n\t\t\t\t\t<\/div>\n\t\t<\/section>\n\t\t\t\t<\/div>\n\t\t","protected":false},"excerpt":{"rendered":"<p>Ekologisk kosmetika Ekologisk hud-och h\u00e5rv\u00e5rd: Naturliga product utvecklade i Sverige med fokus renhet, skonsamhet och effektivitet &#8211; fria fr\u00e5n skadliga kemikalier, perfekta \u00e4ven f\u00f6r k\u00e4nslig hud. Contact Lyxigt italienskt kaffe One of the many areas that has a great prestige in the company is a production line under the Italian brand Dorato Caf\u00e9 provided by [&hellip;]<\/p>\n","protected":false},"author":1,"featured_media":0,"parent":0,"menu_order":0,"comment_status":"closed","ping_status":"closed","template":"","meta":{"om_disable_all_campaigns":false,"_uag_custom_page_level_css":"","_monsterinsights_skip_tracking":false,"_monsterinsights_sitenote_active":false,"_monsterinsights_sitenote_note":"","_monsterinsights_sitenote_category":0,"footnotes":""},"class_list":["post-32","page","type-page","status-publish","hentry"],"blocksy_meta":{"styles_descriptor":{"styles":{"desktop":"","tablet":"","mobile":""},"google_fonts":[],"version":6}},"aioseo_notices":[],"uagb_featured_image_src":{"full":false,"thumbnail":false,"medium":false,"medium_large":false,"large":false,"1536x1536":false,"2048x2048":false},"uagb_author_info":{"display_name":"Wandor AB","author_link":"https:\/\/wandorab.com\/?author=1"},"uagb_comment_info":0,"uagb_excerpt":"Ekologisk kosmetika Ekologisk hud-och h\u00e5rv\u00e5rd: Naturliga product utvecklade i Sverige med fokus renhet, skonsamhet och effektivitet &#8211; fria fr\u00e5n skadliga kemikalier, perfekta \u00e4ven f\u00f6r k\u00e4nslig hud. Contact Lyxigt italienskt kaffe One of the many areas that has a great prestige in the company is a production line under the Italian brand Dorato Caf\u00e9 provided by&hellip;","_links":{"self":[{"href":"https:\/\/wandorab.com\/index.php?rest_route=\/wp\/v2\/pages\/32","targetHints":{"allow":["GET"]}}],"collection":[{"href":"https:\/\/wandorab.com\/index.php?rest_route=\/wp\/v2\/pages"}],"about":[{"href":"https:\/\/wandorab.com\/index.php?rest_route=\/wp\/v2\/types\/page"}],"author":[{"embeddable":true,"href":"https:\/\/wandorab.com\/index.php?rest_route=\/wp\/v2\/users\/1"}],"replies":[{"embeddable":true,"href":"https:\/\/wandorab.com\/index.php?rest_route=%2Fwp%2Fv2%2Fcomments&post=32"}],"version-history":[{"count":185,"href":"https:\/\/wandorab.com\/index.php?rest_route=\/wp\/v2\/pages\/32\/revisions"}],"predecessor-version":[{"id":1386,"href":"https:\/\/wandorab.com\/index.php?rest_route=\/wp\/v2\/pages\/32\/revisions\/1386"}],"wp:attachment":[{"href":"https:\/\/wandorab.com\/index.php?rest_route=%2Fwp%2Fv2%2Fmedia&parent=32"}],"curies":[{"name":"wp","href":"https:\/\/api.w.org\/{rel}","templated":true}]}}